{"id":21,"date":"2021-10-15T18:25:30","date_gmt":"2021-10-15T16:25:30","guid":{"rendered":"https:\/\/www.magical-solutions.fr\/?page_id=21"},"modified":"2021-10-15T18:38:27","modified_gmt":"2021-10-15T16:38:27","slug":"welcome","status":"publish","type":"page","link":"https:\/\/magical-solutions.fr\/","title":{"rendered":"Vous avez un probl\u00e8me ?"},"content":{"rendered":"\n<p style=\"font-size:64px\"><strong>Nous avons une Magical-Solution !<\/strong><\/p>\n\n\n\n<p><\/p>\n\n\n\n<p>Le monde de l&rsquo;informatique est empli de contraintes !<\/p>\n\n\n\n<p>Chez Magical-Solutions nous avons fait le choix de trouver des solutions simples pour r\u00e9gler l&rsquo;ensemble de vos soucis ! <br><br>En quoi est-ce nouveau ? Vous connaissiez peut-\u00eatre d\u00e9j\u00e0 la <a rel=\"noreferrer noopener\" href=\"https:\/\/poudreverte.org\/\" target=\"_blank\">poudre verte<\/a> ? Nous avons d\u00e9cid\u00e9 d&rsquo;aller plus loin et de vous proposer de vraies solutions, construites pour r\u00e9gler VOS PROBLEMES et pour rendre votre vie plus facile au quotidien !<\/p>\n\n\n\n<p>La poudre verte se veut \u00eatre une solution \u00ab\u00a0universelle\u00a0\u00bb, nous avons fait le choix inverse en d\u00e9veloppant des Magical-Solutions s\u00e9rieuses et sp\u00e9cialis\u00e9es pour rendre VOTRE monde meilleur ! C&rsquo;est un peu comme la diff\u00e9rence entre votre g\u00e9n\u00e9raliste et un sp\u00e9cialiste !<\/p>\n\n\n\n<p>Faites le bon choix ! choisissez Les Magical Solutions ! <\/p>\n","protected":false},"excerpt":{"rendered":"<p>Nous avons une Magical-Solution ! Le monde de l&rsquo;informatique est empli de contraintes ! Chez Magical-Solutions nous avons fait le choix de trouver des solutions simples pour r\u00e9gler l&rsquo;ensemble de vos soucis ! En quoi est-ce nouveau ? Vous connaissiez peut-\u00eatre d\u00e9j\u00e0 la poudre verte ? Nous avons d\u00e9cid\u00e9 d&rsquo;aller plus loin et de vous [&hellip;]<\/p>\n","protected":false},"author":1,"featured_media":0,"parent":0,"menu_order":0,"comment_status":"closed","ping_status":"closed","template":"templates\/template-full-width.php","meta":{"footnotes":""},"_links":{"self":[{"href":"https:\/\/magical-solutions.fr\/index.php?rest_route=\/wp\/v2\/pages\/21"}],"collection":[{"href":"https:\/\/magical-solutions.fr\/index.php?rest_route=\/wp\/v2\/pages"}],"about":[{"href":"https:\/\/magical-solutions.fr\/index.php?rest_route=\/wp\/v2\/types\/page"}],"author":[{"embeddable":true,"href":"https:\/\/magical-solutions.fr\/index.php?rest_route=\/wp\/v2\/users\/1"}],"replies":[{"embeddable":true,"href":"https:\/\/magical-solutions.fr\/index.php?rest_route=%2Fwp%2Fv2%2Fcomments&post=21"}],"version-history":[{"count":4,"href":"https:\/\/magical-solutions.fr\/index.php?rest_route=\/wp\/v2\/pages\/21\/revisions"}],"predecessor-version":[{"id":34,"href":"https:\/\/magical-solutions.fr\/index.php?rest_route=\/wp\/v2\/pages\/21\/revisions\/34"}],"wp:attachment":[{"href":"https:\/\/magical-solutions.fr\/index.php?rest_route=%2Fwp%2Fv2%2Fmedia&parent=21"}],"curies":[{"name":"wp","href":"https:\/\/api.w.org\/{rel}","templated":true}]}}